{"id":50,"date":"2018-12-13T11:11:45","date_gmt":"2018-12-13T09:11:45","guid":{"rendered":"http:\/\/www.tiedejakorkeakoulusaatio.fi\/?page_id=50"},"modified":"2018-12-18T15:08:13","modified_gmt":"2018-12-18T13:08:13","slug":"saannot","status":"publish","type":"page","link":"http:\/\/www.tiedejakorkeakoulusaatio.fi\/index.php\/saannot\/","title":{"rendered":"S\u00e4\u00e4nn\u00f6t"},"content":{"rendered":"<p style=\"text-align: left;\"><strong>Nimi ja kotipaikka<br \/>\n<\/strong>1 \u00a7<br \/>\nS\u00e4\u00e4ti\u00f6n nimi on Keski-Pohjanmaan tiede- ja korkeakoulus\u00e4\u00e4ti\u00f6 &#8211; Mellersta \u00d6sterbottens vetenskaps- och h\u00f6gskolestiftelse ja sen kotipaikka on Kokkolan kaupunki.<\/p>\n<p><strong>Tarkoitus<br \/>\n<\/strong>2 \u00a7<br \/>\nS\u00e4\u00e4ti\u00f6n tarkoituksena on edist\u00e4\u00e4 ja tukea tutkimustoimintaa, korkeakouluopetusta ja yritt\u00e4jyytt\u00e4 Keski-Pohjanmaalla.<\/p>\n<p><strong>Toiminta<br \/>\n<\/strong>3 \u00a7<br \/>\nTarkoituksen toteuttamiseksi s\u00e4\u00e4ti\u00f6 rahoittaa alueen tutkimustoimintaa. Rahoituskohteita ovat ensisijaisesti professuurit ja tutkimushankkeet sek\u00e4 apurahat alueen tutkijoille ja opiskelijoille.<\/p>\n<p><strong>P\u00e4\u00e4oma<br \/>\n<\/strong> 4 \u00a7<br \/>\nS\u00e4\u00e4ti\u00f6n perusp\u00e4\u00e4oma on 38\u00a0683,22 \u20ac. S\u00e4\u00e4ti\u00f6n varat on sijoitettava varmalla ja tuloa tuottavalla tavalla. S\u00e4\u00e4ti\u00f6ll\u00e4 on oikeus ottaa vastaan lahjoituksia ja testamentteja sek\u00e4 kartuttaa omaisuuttaan muullakin tavalla, ei kuitenkaan harjoittamalla liiketoimintaa.<\/p>\n<p><strong>Hallitus<br \/>\n<\/strong>5 \u00a7<br \/>\nS\u00e4\u00e4ti\u00f6n asioita hoitaa ja sit\u00e4 edustaa kolmeksi kalenterivuodeksi kerrallaan valittu hallitus, johon kuuluu puheenjohtaja ja viisi j\u00e4sent\u00e4. Hallituksen puheenjohtajan valitsee Kokkolan kaupunginhallitus. Keski-Pohjanmaan liiton hallitus ja Keski-Pohjanmaan koulutusyhtym\u00e4n hallitus valitsevat kukin yhden j\u00e4senen.<\/p>\n<p>Edell\u00e4 olevien pysyvien hallitusten j\u00e4senten lis\u00e4ksi muut perustajaj\u00e4senet tai niiden seuraajat nime\u00e4v\u00e4t yhteens\u00e4 kolme j\u00e4sent\u00e4, kukin yhden j\u00e4senen siten, ett\u00e4 kukin n\u00e4ist\u00e4 j\u00e4senist\u00e4 saa vuorollaan olla kolmivuotiskauden hallituksen j\u00e4senen\u00e4.<\/p>\n<p><strong>Hallituksen kokous<br \/>\n<\/strong>6 \u00a7<br \/>\nKutsu hallituksen kokouksiin toimitetaan kullekin j\u00e4senelle v\u00e4hint\u00e4\u00e4n kymmenen p\u00e4iv\u00e4\u00e4 ennen kokousta. Hallitus kokoontuu puheenjohtajan tai h\u00e4nen estyneen\u00e4 ollessaan varapuheenjohtajan kutsusta.<\/p>\n<p>Hallitus on p\u00e4\u00e4t\u00f6svaltainen, kun saapuvilla on puheenjohtaja tai varapuheenjohtaja ja kaksi muuta j\u00e4sent\u00e4. P\u00e4\u00e4t\u00f6kset tehd\u00e4\u00e4n yksinkertaisella \u00e4\u00e4ntenenemmist\u00f6ll\u00e4, mik\u00e4li n\u00e4ist\u00e4 s\u00e4\u00e4nn\u00f6ist\u00e4 ei muuta johdu. \u00c4\u00e4nten menness\u00e4 tasan ratkaistaan vaalit arvalla, mutta muissa asioissa tulee voimaan se mielipide, johon kokouksen puheenjohtaja on yhtynyt. Hallituksen kokouksista on laadittava p\u00f6yt\u00e4kirja, johon merkit\u00e4\u00e4n tehdyt p\u00e4\u00e4t\u00f6kset ja tapahtuneet \u00e4\u00e4nestykset. P\u00f6yt\u00e4kirjan allekirjoittaa kokouksen puheenjohtaja ja yksi kokouksessa siihen valittu j\u00e4sen.<\/p>\n<p><strong>Edustaminen<br \/>\n<\/strong>7 \u00a7<br \/>\nHallitus edustaa s\u00e4\u00e4ti\u00f6t\u00e4. Hallitus voi antaa oikeuden edustaa s\u00e4\u00e4ti\u00f6t\u00e4 j\u00e4senilleen tai muulle nimetylle henkil\u00f6lle. Hallitus voi milloin tahansa peruuttaa antamansa oikeuden s\u00e4\u00e4ti\u00f6n edustamiseen.<\/p>\n<p><strong>Hallituksen j\u00e4senten vuosipalkkio<br \/>\n<\/strong>8 \u00a7<br \/>\nHallituksen j\u00e4senille maksetaan kokouspalkkio Kokkolan kaupunginhallituksen kokouspalkkiotaksan mukaisesti.<\/p>\n<p><strong>Hallituksen vuosikokous<br \/>\n<\/strong>9 \u00a7<br \/>\nHallitus kokoontuu vuosikokoukseen kunkin vuoden helmi-maaliskuussa. Vuosikokouksessa vahvistetaan hallituksen toimintakertomus ja tilinp\u00e4\u00e4t\u00f6s. Niin ik\u00e4\u00e4n p\u00e4\u00e4tet\u00e4\u00e4n talousarviosta kulumassa olevalle vuodelle ja valitaan yksi tilintarkastaja ja t\u00e4lle varamies.<\/p>\n<p><strong>Tilikausi ja tilintarkastus<br \/>\n<\/strong>10 \u00a7<br \/>\nS\u00e4\u00e4ti\u00f6n tilivuosi on kalenterivuosi. Tilit ja hallituksen kertomus s\u00e4\u00e4ti\u00f6n toiminnasta edellisen\u00e4 vuonna on annettava vuosikokouksen j\u00e4lkeen tilintarkastajalle, jonka on annettava kertomuksensa maaliskuun kuluessa. Mik\u00e4li tilintarkastajan kertomus antaa aihetta, on hallituksen kokoonnuttava huhtikuun kuluessa p\u00e4\u00e4tt\u00e4m\u00e4\u00e4n toimenpiteist\u00e4, joita tilintarkastuskertomus aiheuttaa.<\/p>\n<p><strong>Ilmoitukset s\u00e4\u00e4ti\u00f6rekisteriin<br \/>\n<\/strong>11 \u00a7<br \/>\nOikeaksi todistetut j\u00e4ljenn\u00f6kset tuloslaskelmasta ja taseesta liitteineen, tase-erittelyst\u00e4 sek\u00e4 toiminta- ja tilintarkastuskertomuksista on toukokuun loppuun menness\u00e4 toimitettava patentti- ja rekisterihallitukselle.<\/p>\n<p>Hallituksen j\u00e4senen ja nimenkirjoittajien vaihtumisesta on viivytyksett\u00e4 teht\u00e4v\u00e4 ilmoitus patentti- ja rekisterihallituksen s\u00e4\u00e4ti\u00f6rekisteriin.<\/p>\n<p><strong>S\u00e4\u00e4nt\u00f6jen muuttaminen<br \/>\n<\/strong>12 \u00a7<br \/>\nS\u00e4\u00e4ti\u00f6n s\u00e4\u00e4nt\u00f6j\u00e4 voidaan muuttaa, mik\u00e4li v\u00e4hint\u00e4\u00e4n nelj\u00e4 hallituksen j\u00e4sent\u00e4 sit\u00e4 kannattaa. S\u00e4\u00e4nt\u00f6jen muutokselle on saatava patentti- ja rekisterihallituksen vahvistus. S\u00e4\u00e4ti\u00f6n lakkauttamisesta p\u00e4\u00e4tet\u00e4\u00e4n samassa j\u00e4rjestyksess\u00e4.<\/p>\n<p><strong>S\u00e4\u00e4ti\u00f6n lakkauttaminen<br \/>\n<\/strong>13 \u00a7<br \/>\nJos s\u00e4\u00e4ti\u00f6 lakkautetaan, k\u00e4ytet\u00e4\u00e4n varat s\u00e4\u00e4ti\u00f6n hallituksen p\u00e4\u00e4tt\u00e4m\u00e4ll\u00e4 tavalla tutkimustoiminnan ja korkeakouluopetuksen tukemiseen Keski-Pohjanmaalla.<\/p>\n","protected":false},"excerpt":{"rendered":"<p>Nimi ja kotipaikka 1 \u00a7 S\u00e4\u00e4ti\u00f6n nimi on Keski-Pohjanmaan tiede- ja korkeakoulus\u00e4\u00e4ti\u00f6 &#8211; Mellersta \u00d6sterbottens vetenskaps- och h\u00f6gskolestiftelse ja sen kotipaikka on Kokkolan kaupunki. Tarkoitus 2 \u00a7 S\u00e4\u00e4ti\u00f6n tarkoituksena on edist\u00e4\u00e4 ja tukea tutkimustoimintaa, korkeakouluopetusta ja yritt\u00e4jyytt\u00e4 Keski-Pohjanmaalla. Toiminta 3 \u00a7 Tarkoituksen toteuttamiseksi s\u00e4\u00e4ti\u00f6 rahoittaa alueen tutkimustoimintaa. Rahoituskohteita ovat ensisijaisesti professuurit ja tutkimushankkeet sek\u00e4 apurahat [&hellip;]<\/p>\n","protected":false},"author":1,"featured_media":0,"parent":0,"menu_order":0,"comment_status":"closed","ping_status":"closed","template":"full-width-page-template.php","meta":{"footnotes":""},"class_list":["post-50","page","type-page","status-publish","hentry"],"_links":{"self":[{"href":"http:\/\/www.tiedejakorkeakoulusaatio.fi\/index.php\/wp-json\/wp\/v2\/pages\/50","targetHints":{"allow":["GET"]}}],"collection":[{"href":"http:\/\/www.tiedejakorkeakoulusaatio.fi\/index.php\/wp-json\/wp\/v2\/pages"}],"about":[{"href":"http:\/\/www.tiedejakorkeakoulusaatio.fi\/index.php\/wp-json\/wp\/v2\/types\/page"}],"author":[{"embeddable":true,"href":"http:\/\/www.tiedejakorkeakoulusaatio.fi\/index.php\/wp-json\/wp\/v2\/users\/1"}],"replies":[{"embeddable":true,"href":"http:\/\/www.tiedejakorkeakoulusaatio.fi\/index.php\/wp-json\/wp\/v2\/comments?post=50"}],"version-history":[{"count":4,"href":"http:\/\/www.tiedejakorkeakoulusaatio.fi\/index.php\/wp-json\/wp\/v2\/pages\/50\/revisions"}],"predecessor-version":[{"id":74,"href":"http:\/\/www.tiedejakorkeakoulusaatio.fi\/index.php\/wp-json\/wp\/v2\/pages\/50\/revisions\/74"}],"wp:attachment":[{"href":"http:\/\/www.tiedejakorkeakoulusaatio.fi\/index.php\/wp-json\/wp\/v2\/media?parent=50"}],"curies":[{"name":"wp","href":"https:\/\/api.w.org\/{rel}","templated":true}]}}