{"id":19,"date":"2018-12-12T07:51:59","date_gmt":"2018-12-12T07:51:59","guid":{"rendered":"http:\/\/www.tiedejakorkeakoulusaatio.fi\/?page_id=19"},"modified":"2023-01-18T11:17:17","modified_gmt":"2023-01-18T09:17:17","slug":"haluatko-lahjoittajaksi","status":"publish","type":"page","link":"http:\/\/www.tiedejakorkeakoulusaatio.fi\/index.php\/haluatko-lahjoittajaksi\/","title":{"rendered":"Haluatko lahjoittajaksi?"},"content":{"rendered":"<header class=\"entry-header\">\r\n<h2>Lahjoituksista verotusetuja<\/h2>\r\n<p class=\"entry-title\">S\u00e4\u00e4ti\u00f6lle teht\u00e4v\u00e4t yli 850 euron lahjoitukset ovat yrityksille ja yhteis\u00f6ille verov\u00e4hennyskelpoisia 50 000 euroon asti.<\/p>\r\n<h2>Toimi n\u00e4in:<\/h2>\r\n<\/header>\r\n<div class=\"entry-content\">\r\n<p>Lahjoitukset voi osoittaa tilille:<\/p>\r\n<p>Keski-Pohjanmaan tiede- ja korkeakoulus\u00e4\u00e4ti\u00f6<br \/>Nordea<br \/>FI96 1065 3000 2130 37<\/p>\r\n<p>tai<\/p>\r\n<p>Keski-Pohjanmaan osuuspankki<br \/>FI18 5162 0020 0380 82<\/p>\r\n<p><a href=\"http:\/\/www.tiedejakorkeakoulusaatio.fi\/index.php\/yhteystiedot\/\">Ota yhteytt\u00e4! <\/a>Sovitaan yhdess\u00e4 juuri Sinulle sopiva tapa osallistua.<\/p>\r\n<\/div>\r\n\r\n\r\n<p><\/p>\r\n","protected":false},"excerpt":{"rendered":"<p>Lahjoituksista verotusetuja S\u00e4\u00e4ti\u00f6lle teht\u00e4v\u00e4t yli 850 euron lahjoitukset ovat yrityksille ja yhteis\u00f6ille verov\u00e4hennyskelpoisia 50 000 euroon asti. Toimi n\u00e4in: Lahjoitukset voi osoittaa tilille: Keski-Pohjanmaan tiede- ja korkeakoulus\u00e4\u00e4ti\u00f6NordeaFI96 1065 3000 2130 37 tai Keski-Pohjanmaan osuuspankkiFI18 5162 0020 0380 82 Ota yhteytt\u00e4! Sovitaan yhdess\u00e4 juuri Sinulle sopiva tapa osallistua.<\/p>\n","protected":false},"author":1,"featured_media":0,"parent":0,"menu_order":0,"comment_status":"closed","ping_status":"closed","template":"full-width-page-template.php","meta":{"footnotes":""},"class_list":["post-19","page","type-page","status-publish","hentry"],"_links":{"self":[{"href":"http:\/\/www.tiedejakorkeakoulusaatio.fi\/index.php\/wp-json\/wp\/v2\/pages\/19","targetHints":{"allow":["GET"]}}],"collection":[{"href":"http:\/\/www.tiedejakorkeakoulusaatio.fi\/index.php\/wp-json\/wp\/v2\/pages"}],"about":[{"href":"http:\/\/www.tiedejakorkeakoulusaatio.fi\/index.php\/wp-json\/wp\/v2\/types\/page"}],"author":[{"embeddable":true,"href":"http:\/\/www.tiedejakorkeakoulusaatio.fi\/index.php\/wp-json\/wp\/v2\/users\/1"}],"replies":[{"embeddable":true,"href":"http:\/\/www.tiedejakorkeakoulusaatio.fi\/index.php\/wp-json\/wp\/v2\/comments?post=19"}],"version-history":[{"count":9,"href":"http:\/\/www.tiedejakorkeakoulusaatio.fi\/index.php\/wp-json\/wp\/v2\/pages\/19\/revisions"}],"predecessor-version":[{"id":121,"href":"http:\/\/www.tiedejakorkeakoulusaatio.fi\/index.php\/wp-json\/wp\/v2\/pages\/19\/revisions\/121"}],"wp:attachment":[{"href":"http:\/\/www.tiedejakorkeakoulusaatio.fi\/index.php\/wp-json\/wp\/v2\/media?parent=19"}],"curies":[{"name":"wp","href":"https:\/\/api.w.org\/{rel}","templated":true}]}}