{"id":16,"date":"2018-12-12T07:50:10","date_gmt":"2018-12-12T07:50:10","guid":{"rendered":"http:\/\/193.167.110.131\/?page_id=16"},"modified":"2024-06-13T13:45:57","modified_gmt":"2024-06-13T10:45:57","slug":"tukijat","status":"publish","type":"page","link":"http:\/\/www.tiedejakorkeakoulusaatio.fi\/index.php\/tukijat\/","title":{"rendered":"Tukijat"},"content":{"rendered":"<p>S\u00e4\u00e4ti\u00f6n saamat lahjoitukset 2016 &#8211;<\/p>\n<p>Ventuskartano ry<\/p>\n<p>Keski-Pohjanmaan Osuuspankki<br \/>\nBest-Hall Oy<br \/>\nKeski-Pohjanmaan Yritt\u00e4j\u00e4t ry.<br \/>\nKouluta Keski-Pohjanmaalla -kampanja yksityishenkil\u00f6ille<br \/>\nK-P:n erikoissairaanhoito- ja peruspalvelukuntayhtym\u00e4<br \/>\nMerius 15 v. merkkip\u00e4iv\u00e4muistaminen<br \/>\nOy Forskor-Invest Ab<br \/>\nMerius Oy<br \/>\nTy\u00f6plus Oy<br \/>\nAntti Isotaluksen merkkip\u00e4iv\u00e4muistaminen<br \/>\nTanja Risikon merkkip\u00e4iv\u00e4muistaminen<br \/>\nMikko Viitasalon\u00a0merkkip\u00e4iv\u00e4muistaminen<br \/>\nOsuuskauppa KPO<br \/>\nKokkolan Satama<br \/>\nKokkolan Halpa-Halli Oy<\/p>\n<p>Boliden Oy Kokkola<\/p>\n<p>Jervois Oy Kokkola<\/p>\n<p>Useat organisaatiot ovat olleet tukemassa yliopistokeskuksen professuureja 5-vuotisilla rahoitussopimuksilla vuosina 2007-2016<\/p>\n","protected":false},"excerpt":{"rendered":"<p>S\u00e4\u00e4ti\u00f6n saamat lahjoitukset 2016 &#8211; Ventuskartano ry Keski-Pohjanmaan Osuuspankki Best-Hall Oy Keski-Pohjanmaan Yritt\u00e4j\u00e4t ry. Kouluta Keski-Pohjanmaalla -kampanja yksityishenkil\u00f6ille K-P:n erikoissairaanhoito- ja peruspalvelukuntayhtym\u00e4 Merius 15 v. merkkip\u00e4iv\u00e4muistaminen Oy Forskor-Invest Ab Merius Oy Ty\u00f6plus Oy Antti Isotaluksen merkkip\u00e4iv\u00e4muistaminen Tanja Risikon merkkip\u00e4iv\u00e4muistaminen Mikko Viitasalon\u00a0merkkip\u00e4iv\u00e4muistaminen Osuuskauppa KPO Kokkolan Satama Kokkolan Halpa-Halli Oy Boliden Oy Kokkola Jervois Oy Kokkola Useat [&hellip;]<\/p>\n","protected":false},"author":1,"featured_media":0,"parent":0,"menu_order":0,"comment_status":"closed","ping_status":"closed","template":"full-width-page-template.php","meta":{"footnotes":""},"class_list":["post-16","page","type-page","status-publish","hentry"],"_links":{"self":[{"href":"http:\/\/www.tiedejakorkeakoulusaatio.fi\/index.php\/wp-json\/wp\/v2\/pages\/16","targetHints":{"allow":["GET"]}}],"collection":[{"href":"http:\/\/www.tiedejakorkeakoulusaatio.fi\/index.php\/wp-json\/wp\/v2\/pages"}],"about":[{"href":"http:\/\/www.tiedejakorkeakoulusaatio.fi\/index.php\/wp-json\/wp\/v2\/types\/page"}],"author":[{"embeddable":true,"href":"http:\/\/www.tiedejakorkeakoulusaatio.fi\/index.php\/wp-json\/wp\/v2\/users\/1"}],"replies":[{"embeddable":true,"href":"http:\/\/www.tiedejakorkeakoulusaatio.fi\/index.php\/wp-json\/wp\/v2\/comments?post=16"}],"version-history":[{"count":15,"href":"http:\/\/www.tiedejakorkeakoulusaatio.fi\/index.php\/wp-json\/wp\/v2\/pages\/16\/revisions"}],"predecessor-version":[{"id":146,"href":"http:\/\/www.tiedejakorkeakoulusaatio.fi\/index.php\/wp-json\/wp\/v2\/pages\/16\/revisions\/146"}],"wp:attachment":[{"href":"http:\/\/www.tiedejakorkeakoulusaatio.fi\/index.php\/wp-json\/wp\/v2\/media?parent=16"}],"curies":[{"name":"wp","href":"https:\/\/api.w.org\/{rel}","templated":true}]}}