{"id":14,"date":"2018-12-12T07:45:20","date_gmt":"2018-12-12T07:45:20","guid":{"rendered":"http:\/\/193.167.110.131\/?page_id=14"},"modified":"2025-03-20T09:28:15","modified_gmt":"2025-03-20T06:28:15","slug":"yhteystiedot","status":"publish","type":"page","link":"http:\/\/www.tiedejakorkeakoulusaatio.fi\/index.php\/yhteystiedot\/","title":{"rendered":"Yhteystiedot"},"content":{"rendered":"\n<p>S\u00e4\u00e4ti\u00f6n hallituksen puheenjohtaja<br>Jonne Sandberg<br>p.&nbsp;044 780 9093<br>jonne.sandberg@kokkola.fi<\/p>\n\n\n\n<p>Postiosoite<br>PL 567<br>67701 Kokkola<\/p>\n","protected":false},"excerpt":{"rendered":"<p>S\u00e4\u00e4ti\u00f6n hallituksen puheenjohtajaJonne Sandbergp.&nbsp;044 780 9093jonne.sandberg@kokkola.fi PostiosoitePL 56767701 Kokkola<\/p>\n","protected":false},"author":1,"featured_media":0,"parent":0,"menu_order":0,"comment_status":"closed","ping_status":"closed","template":"full-width-page-template.php","meta":{"footnotes":""},"class_list":["post-14","page","type-page","status-publish","hentry"],"_links":{"self":[{"href":"http:\/\/www.tiedejakorkeakoulusaatio.fi\/index.php\/wp-json\/wp\/v2\/pages\/14","targetHints":{"allow":["GET"]}}],"collection":[{"href":"http:\/\/www.tiedejakorkeakoulusaatio.fi\/index.php\/wp-json\/wp\/v2\/pages"}],"about":[{"href":"http:\/\/www.tiedejakorkeakoulusaatio.fi\/index.php\/wp-json\/wp\/v2\/types\/page"}],"author":[{"embeddable":true,"href":"http:\/\/www.tiedejakorkeakoulusaatio.fi\/index.php\/wp-json\/wp\/v2\/users\/1"}],"replies":[{"embeddable":true,"href":"http:\/\/www.tiedejakorkeakoulusaatio.fi\/index.php\/wp-json\/wp\/v2\/comments?post=14"}],"version-history":[{"count":11,"href":"http:\/\/www.tiedejakorkeakoulusaatio.fi\/index.php\/wp-json\/wp\/v2\/pages\/14\/revisions"}],"predecessor-version":[{"id":148,"href":"http:\/\/www.tiedejakorkeakoulusaatio.fi\/index.php\/wp-json\/wp\/v2\/pages\/14\/revisions\/148"}],"wp:attachment":[{"href":"http:\/\/www.tiedejakorkeakoulusaatio.fi\/index.php\/wp-json\/wp\/v2\/media?parent=14"}],"curies":[{"name":"wp","href":"https:\/\/api.w.org\/{rel}","templated":true}]}}